{"id":91,"date":"2021-01-11T16:31:01","date_gmt":"2021-01-11T16:31:01","guid":{"rendered":"http:\/\/joaonora.com\/?page_id=91"},"modified":"2021-01-26T12:56:19","modified_gmt":"2021-01-26T12:56:19","slug":"video-works","status":"publish","type":"page","link":"https:\/\/joaonora.com\/index.php\/video-works\/","title":{"rendered":""},"content":{"rendered":"\n<figure class=\"wp-block-embed aligncenter is-type-video is-provider-vimeo wp-block-embed-vimeo wp-embed-aspect-16-9 wp-has-aspect-ratio\"><div class=\"wp-block-embed__wrapper\">\n<iframe loading=\"lazy\" title=\"el derecho de vivir en paz\" src=\"https:\/\/player.vimeo.com\/video\/499271891?dnt=1&amp;app_id=122963\" width=\"560\" height=\"315\" frameborder=\"0\" allow=\"autoplay; fullscreen; picture-in-picture; clipboard-write; encrypted-media\"><\/iframe>\n<\/div><\/figure>\n\n\n\n<figure class=\"wp-block-embed is-type-video is-provider-vimeo wp-block-embed-vimeo wp-embed-aspect-16-9 wp-has-aspect-ratio\"><div class=\"wp-block-embed__wrapper\">\n<iframe loading=\"lazy\" title=\"apesar de voc\u00ea amanh\u00e3 h\u00e1 de ser outro dia\" src=\"https:\/\/player.vimeo.com\/video\/499277379?dnt=1&amp;app_id=122963\" width=\"560\" height=\"315\" frameborder=\"0\" allow=\"autoplay; fullscreen; picture-in-picture; clipboard-write; encrypted-media\"><\/iframe>\n<\/div><\/figure>\n\n\n\n<figure class=\"wp-block-embed is-type-video is-provider-vimeo wp-block-embed-vimeo wp-embed-aspect-4-3 wp-has-aspect-ratio\"><div class=\"wp-block-embed__wrapper\">\n<iframe loading=\"lazy\" title=\"hava naguila\" src=\"https:\/\/player.vimeo.com\/video\/499281555?dnt=1&amp;app_id=122963\" width=\"360\" height=\"264\" frameborder=\"0\" allow=\"autoplay; fullscreen; picture-in-picture; clipboard-write; encrypted-media\"><\/iframe>\n<\/div><\/figure>\n\n\n\n<figure class=\"wp-block-embed is-type-video is-provider-vimeo wp-block-embed-vimeo wp-embed-aspect-16-9 wp-has-aspect-ratio\"><div class=\"wp-block-embed__wrapper\">\n<iframe loading=\"lazy\" title=\"esque\u00e7am que eu existo\" src=\"https:\/\/player.vimeo.com\/video\/502210222?dnt=1&amp;app_id=122963\" width=\"560\" height=\"308\" frameborder=\"0\" allow=\"autoplay; fullscreen; picture-in-picture; clipboard-write; encrypted-media\"><\/iframe>\n<\/div><\/figure>\n\n\n\n<figure class=\"wp-block-embed aligncenter is-type-video is-provider-vimeo wp-block-embed-vimeo wp-embed-aspect-4-3 wp-has-aspect-ratio\"><div class=\"wp-block-embed__wrapper\">\n<iframe loading=\"lazy\" title=\"El \u00fanico d\u00eda f\u00e1cil fue ayer\" src=\"https:\/\/player.vimeo.com\/video\/502214151?dnt=1&amp;app_id=122963\" width=\"560\" height=\"411\" frameborder=\"0\" allow=\"autoplay; fullscreen; picture-in-picture; clipboard-write; encrypted-media\"><\/iframe>\n<\/div><\/figure>\n\n\n\n<figure class=\"wp-block-embed aligncenter is-type-video is-provider-vimeo wp-block-embed-vimeo wp-embed-aspect-4-3 wp-has-aspect-ratio\"><div class=\"wp-block-embed__wrapper\">\n<iframe loading=\"lazy\" title=\"Don&#039;t Mess with the Queen&#039;s Guards\" src=\"https:\/\/player.vimeo.com\/video\/502218144?dnt=1&amp;app_id=122963\" width=\"560\" height=\"411\" frameborder=\"0\" allow=\"autoplay; fullscreen; picture-in-picture; clipboard-write; encrypted-media\"><\/iframe>\n<\/div><\/figure>\n\n\n\n<figure class=\"wp-block-embed aligncenter is-type-video is-provider-vimeo wp-block-embed-vimeo wp-embed-aspect-4-3 wp-has-aspect-ratio\"><div class=\"wp-block-embed__wrapper\">\n<iframe loading=\"lazy\" title=\"we&#039;ll always have paris\" src=\"https:\/\/player.vimeo.com\/video\/502222264?dnt=1&amp;app_id=122963\" width=\"560\" height=\"411\" frameborder=\"0\" allow=\"autoplay; fullscreen; picture-in-picture; clipboard-write; encrypted-media\"><\/iframe>\n<\/div><\/figure>\n\n\n\n<figure class=\"wp-block-embed aligncenter is-type-video is-provider-vimeo wp-block-embed-vimeo wp-embed-aspect-4-3 wp-has-aspect-ratio\"><div class=\"wp-block-embed__wrapper\">\n<iframe loading=\"lazy\" title=\"ode an die freude\" src=\"https:\/\/player.vimeo.com\/video\/502224648?dnt=1&amp;app_id=122963\" width=\"560\" height=\"411\" frameborder=\"0\" allow=\"autoplay; fullscreen; picture-in-picture; clipboard-write; encrypted-media\"><\/iframe>\n<\/div><\/figure>\n\n\n\n<figure class=\"wp-block-embed aligncenter is-type-video is-provider-vimeo wp-block-embed-vimeo wp-embed-aspect-16-9 wp-has-aspect-ratio\"><div class=\"wp-block-embed__wrapper\">\n<iframe loading=\"lazy\" title=\"the pursuit\" src=\"https:\/\/player.vimeo.com\/video\/502226995?dnt=1&amp;app_id=122963\" width=\"560\" height=\"308\" frameborder=\"0\" allow=\"autoplay; fullscreen; picture-in-picture; clipboard-write; encrypted-media\"><\/iframe>\n<\/div><\/figure>\n\n\n\n<figure class=\"wp-block-embed is-type-video is-provider-vimeo wp-block-embed-vimeo wp-embed-aspect-4-3 wp-has-aspect-ratio\"><div class=\"wp-block-embed__wrapper\">\n<iframe loading=\"lazy\" title=\"e est\u00e3o ali num silencio demorado e apressado vendo tudo\" src=\"https:\/\/player.vimeo.com\/video\/502230665?dnt=1&amp;app_id=122963\" width=\"560\" height=\"411\" frameborder=\"0\" allow=\"autoplay; fullscreen; picture-in-picture; clipboard-write; encrypted-media\"><\/iframe>\n<\/div><\/figure>\n\n\n\n<figure class=\"wp-block-embed aligncenter is-type-video is-provider-vimeo wp-block-embed-vimeo wp-embed-aspect-1-1 wp-has-aspect-ratio\"><div class=\"wp-block-embed__wrapper\">\n<iframe loading=\"lazy\" title=\"mariah semiotics of a young woman\" src=\"https:\/\/player.vimeo.com\/video\/502234481?dnt=1&amp;app_id=122963\" width=\"560\" height=\"448\" frameborder=\"0\" allow=\"autoplay; fullscreen; picture-in-picture; clipboard-write; encrypted-media\"><\/iframe>\n<\/div><\/figure>\n\n\n\n<figure class=\"wp-block-embed aligncenter is-type-video is-provider-vimeo wp-block-embed-vimeo wp-embed-aspect-16-9 wp-has-aspect-ratio\"><div class=\"wp-block-embed__wrapper\">\n<iframe loading=\"lazy\" title=\"nas antemanhas longinquas\" src=\"https:\/\/player.vimeo.com\/video\/504761581?dnt=1&amp;app_id=122963\" width=\"560\" height=\"308\" frameborder=\"0\" allow=\"autoplay; fullscreen; picture-in-picture; clipboard-write; encrypted-media\"><\/iframe>\n<\/div><\/figure>\n\n\n\n<figure class=\"wp-block-embed aligncenter is-type-video is-provider-vimeo wp-block-embed-vimeo wp-embed-aspect-4-3 wp-has-aspect-ratio\"><div class=\"wp-block-embed__wrapper\">\n<iframe loading=\"lazy\" title=\"one minute of art in the past tense\" src=\"https:\/\/player.vimeo.com\/video\/504766546?dnt=1&amp;app_id=122963\" width=\"560\" height=\"420\" frameborder=\"0\" allow=\"autoplay; fullscreen; picture-in-picture; clipboard-write; encrypted-media\"><\/iframe>\n<\/div><\/figure>\n\n\n\n<figure class=\"wp-block-embed aligncenter is-type-video is-provider-vimeo wp-block-embed-vimeo wp-embed-aspect-4-3 wp-has-aspect-ratio\"><div class=\"wp-block-embed__wrapper\">\n<iframe loading=\"lazy\" title=\"transmuting experience\" src=\"https:\/\/player.vimeo.com\/video\/504767668?dnt=1&amp;app_id=122963\" width=\"560\" height=\"409\" frameborder=\"0\" allow=\"autoplay; fullscreen; picture-in-picture; clipboard-write; encrypted-media\"><\/iframe>\n<\/div><\/figure>\n","protected":false},"excerpt":{"rendered":"","protected":false},"author":1,"featured_media":0,"parent":0,"menu_order":0,"comment_status":"closed","ping_status":"closed","template":"","meta":{"footnotes":""},"class_list":["post-91","page","type-page","status-publish","hentry","missing-thumbnail"],"_links":{"self":[{"href":"https:\/\/joaonora.com\/index.php\/wp-json\/wp\/v2\/pages\/91"}],"collection":[{"href":"https:\/\/joaonora.com\/index.php\/wp-json\/wp\/v2\/pages"}],"about":[{"href":"https:\/\/joaonora.com\/index.php\/wp-json\/wp\/v2\/types\/page"}],"author":[{"embeddable":true,"href":"https:\/\/joaonora.com\/index.php\/wp-json\/wp\/v2\/users\/1"}],"replies":[{"embeddable":true,"href":"https:\/\/joaonora.com\/index.php\/wp-json\/wp\/v2\/comments?post=91"}],"version-history":[{"count":19,"href":"https:\/\/joaonora.com\/index.php\/wp-json\/wp\/v2\/pages\/91\/revisions"}],"predecessor-version":[{"id":244,"href":"https:\/\/joaonora.com\/index.php\/wp-json\/wp\/v2\/pages\/91\/revisions\/244"}],"wp:attachment":[{"href":"https:\/\/joaonora.com\/index.php\/wp-json\/wp\/v2\/media?parent=91"}],"curies":[{"name":"wp","href":"https:\/\/api.w.org\/{rel}","templated":true}]}}