{"id":136,"date":"2021-01-12T12:08:35","date_gmt":"2021-01-12T12:08:35","guid":{"rendered":"http:\/\/joaonora.com\/?page_id=136"},"modified":"2021-01-12T12:28:36","modified_gmt":"2021-01-12T12:28:36","slug":"sumo-me-na-distancia-que-alcanco","status":"publish","type":"page","link":"https:\/\/joaonora.com\/index.php\/sumo-me-na-distancia-que-alcanco\/","title":{"rendered":""},"content":{"rendered":"\n<p><\/p>\n\n\n\n<figure class=\"wp-block-image alignwide\"><img loading=\"lazy\" decoding=\"async\" width=\"1000\" height=\"640\" src=\"https:\/\/joaonora.com\/wp-content\/uploads\/2021\/01\/1.jpg\" alt=\"\" class=\"wp-image-140\" srcset=\"https:\/\/joaonora.com\/wp-content\/uploads\/2021\/01\/1.jpg 1000w, https:\/\/joaonora.com\/wp-content\/uploads\/2021\/01\/1-300x192.jpg 300w, https:\/\/joaonora.com\/wp-content\/uploads\/2021\/01\/1-768x492.jpg 768w\" sizes=\"(max-width: 1000px) 100vw, 1000px\" \/><figcaption> sumo-me na dist\u00e2ncia que alcan\u00e7o, #1<br> \u00f3leo s\/ madeira<br> 52,7 x 81 cm <\/figcaption><\/figure>\n\n\n\n<p><\/p>\n\n\n\n<figure class=\"wp-block-image alignwide\"><img loading=\"lazy\" decoding=\"async\" width=\"1000\" height=\"640\" src=\"https:\/\/joaonora.com\/wp-content\/uploads\/2021\/01\/2.jpg\" alt=\"\" class=\"wp-image-142\" srcset=\"https:\/\/joaonora.com\/wp-content\/uploads\/2021\/01\/2.jpg 1000w, https:\/\/joaonora.com\/wp-content\/uploads\/2021\/01\/2-300x192.jpg 300w, https:\/\/joaonora.com\/wp-content\/uploads\/2021\/01\/2-768x492.jpg 768w\" sizes=\"(max-width: 1000px) 100vw, 1000px\" \/><figcaption> sumo-me na dist\u00e2ncia que alcan\u00e7o, #2<br> \u00f3leo s\/ madeira<br> 52,7 x 81,6 cm <\/figcaption><\/figure>\n\n\n\n<p><\/p>\n\n\n\n<figure class=\"wp-block-image alignwide\"><img loading=\"lazy\" decoding=\"async\" width=\"950\" height=\"700\" src=\"https:\/\/joaonora.com\/wp-content\/uploads\/2021\/01\/3.jpg\" alt=\"\" class=\"wp-image-143\" srcset=\"https:\/\/joaonora.com\/wp-content\/uploads\/2021\/01\/3.jpg 950w, https:\/\/joaonora.com\/wp-content\/uploads\/2021\/01\/3-300x221.jpg 300w, https:\/\/joaonora.com\/wp-content\/uploads\/2021\/01\/3-768x566.jpg 768w\" sizes=\"(max-width: 950px) 100vw, 950px\" \/><figcaption>sumo-me na dist\u00e2ncia que alcan\u00e7o, #3<br> \u00f3leo s\/ madeira<br> 62,9 x 86,2 cm <\/figcaption><\/figure>\n\n\n\n<p><\/p>\n\n\n\n<figure class=\"wp-block-image alignwide\"><img loading=\"lazy\" decoding=\"async\" width=\"950\" height=\"677\" src=\"https:\/\/joaonora.com\/wp-content\/uploads\/2021\/01\/4.jpg\" alt=\"\" class=\"wp-image-144\" srcset=\"https:\/\/joaonora.com\/wp-content\/uploads\/2021\/01\/4.jpg 950w, https:\/\/joaonora.com\/wp-content\/uploads\/2021\/01\/4-300x214.jpg 300w, https:\/\/joaonora.com\/wp-content\/uploads\/2021\/01\/4-768x547.jpg 768w\" sizes=\"(max-width: 950px) 100vw, 950px\" \/><figcaption>sumo-me na dist\u00e2ncia que alcan\u00e7o, #4<br> \u00f3leo s\/ madeira<br> 51,6 x 72,4 cm <\/figcaption><\/figure>\n\n\n\n<figure class=\"wp-block-image alignwide\"><img loading=\"lazy\" decoding=\"async\" width=\"900\" height=\"703\" src=\"https:\/\/joaonora.com\/wp-content\/uploads\/2021\/01\/5-1.jpg\" alt=\"\" class=\"wp-image-146\" srcset=\"https:\/\/joaonora.com\/wp-content\/uploads\/2021\/01\/5-1.jpg 900w, https:\/\/joaonora.com\/wp-content\/uploads\/2021\/01\/5-1-300x234.jpg 300w, https:\/\/joaonora.com\/wp-content\/uploads\/2021\/01\/5-1-768x600.jpg 768w\" sizes=\"(max-width: 900px) 100vw, 900px\" \/><figcaption>sumo-me na dist\u00e2ncia que alcan\u00e7o, #5<br> \u00f3leo s\/ madeira<br> 77,3 x 99,5 cm <\/figcaption><\/figure>\n\n\n\n<figure class=\"wp-block-image alignwide\"><img loading=\"lazy\" decoding=\"async\" width=\"900\" height=\"719\" src=\"https:\/\/joaonora.com\/wp-content\/uploads\/2021\/01\/6.jpg\" alt=\"\" class=\"wp-image-147\" srcset=\"https:\/\/joaonora.com\/wp-content\/uploads\/2021\/01\/6.jpg 900w, https:\/\/joaonora.com\/wp-content\/uploads\/2021\/01\/6-300x240.jpg 300w, https:\/\/joaonora.com\/wp-content\/uploads\/2021\/01\/6-768x614.jpg 768w\" sizes=\"(max-width: 900px) 100vw, 900px\" \/><figcaption>  sumo-me na dist\u00e2ncia que alcan\u00e7o, #6<br> \u00f3leo s\/ madeira<br> 74,7 x 93,4 cm <\/figcaption><\/figure>\n\n\n\n<figure class=\"wp-block-image alignwide\"><img loading=\"lazy\" decoding=\"async\" width=\"1000\" height=\"652\" src=\"https:\/\/joaonora.com\/wp-content\/uploads\/2021\/01\/7.jpg\" alt=\"\" class=\"wp-image-149\" srcset=\"https:\/\/joaonora.com\/wp-content\/uploads\/2021\/01\/7.jpg 1000w, https:\/\/joaonora.com\/wp-content\/uploads\/2021\/01\/7-300x196.jpg 300w, https:\/\/joaonora.com\/wp-content\/uploads\/2021\/01\/7-768x501.jpg 768w\" sizes=\"(max-width: 1000px) 100vw, 1000px\" \/><figcaption> sumo-me na dist\u00e2ncia que alcan\u00e7o, #7<br> \u00f3leo s\/ madeira<br> 67,1 x 117,7 cm <\/figcaption><\/figure>\n\n\n\n<figure class=\"wp-block-image alignwide\"><img loading=\"lazy\" decoding=\"async\" width=\"950\" height=\"733\" src=\"https:\/\/joaonora.com\/wp-content\/uploads\/2021\/01\/8.jpg\" alt=\"\" class=\"wp-image-150\" srcset=\"https:\/\/joaonora.com\/wp-content\/uploads\/2021\/01\/8.jpg 950w, https:\/\/joaonora.com\/wp-content\/uploads\/2021\/01\/8-300x231.jpg 300w, https:\/\/joaonora.com\/wp-content\/uploads\/2021\/01\/8-768x593.jpg 768w\" sizes=\"(max-width: 950px) 100vw, 950px\" \/><figcaption> sumo-me na dist\u00e2ncia que alcan\u00e7o, #8<br> \u00f3leo s\/ madeira<br> 89,5 x 116,1 cm <\/figcaption><\/figure>\n\n\n\n<p><\/p>\n","protected":false},"excerpt":{"rendered":"","protected":false},"author":1,"featured_media":0,"parent":0,"menu_order":0,"comment_status":"closed","ping_status":"closed","template":"","meta":{"footnotes":""},"class_list":["post-136","page","type-page","status-publish","hentry","missing-thumbnail"],"_links":{"self":[{"href":"https:\/\/joaonora.com\/index.php\/wp-json\/wp\/v2\/pages\/136"}],"collection":[{"href":"https:\/\/joaonora.com\/index.php\/wp-json\/wp\/v2\/pages"}],"about":[{"href":"https:\/\/joaonora.com\/index.php\/wp-json\/wp\/v2\/types\/page"}],"author":[{"embeddable":true,"href":"https:\/\/joaonora.com\/index.php\/wp-json\/wp\/v2\/users\/1"}],"replies":[{"embeddable":true,"href":"https:\/\/joaonora.com\/index.php\/wp-json\/wp\/v2\/comments?post=136"}],"version-history":[{"count":3,"href":"https:\/\/joaonora.com\/index.php\/wp-json\/wp\/v2\/pages\/136\/revisions"}],"predecessor-version":[{"id":151,"href":"https:\/\/joaonora.com\/index.php\/wp-json\/wp\/v2\/pages\/136\/revisions\/151"}],"wp:attachment":[{"href":"https:\/\/joaonora.com\/index.php\/wp-json\/wp\/v2\/media?parent=136"}],"curies":[{"name":"wp","href":"https:\/\/api.w.org\/{rel}","templated":true}]}}